{"id":39,"date":"2023-01-16T13:14:25","date_gmt":"2023-01-16T13:14:25","guid":{"rendered":"https:\/\/ski-touring-dolomites.com\/about-us\/"},"modified":"2023-09-22T15:58:49","modified_gmt":"2023-09-22T15:58:49","slug":"uber-uns","status":"publish","type":"page","link":"https:\/\/ski-touring-dolomites.com\/de\/about-us\/","title":{"rendered":"\u00dcber uns"},"content":{"rendered":"<p>Willkommen bei Ski Touring Dolomites. Ich freue mich sehr, Ihnen eines der am schnellsten wachsenden Outdoor-Erlebnisse in Europa vorstellen zu k\u00f6nnen. Unsere Mission ist eine Mischung aus <strong>Einfachheit und Tiefe<\/strong>: um Sie durch die atemberaubenden Landschaften der Dolomiten zu f\u00fchren, von Cortina d'Ampezzo bis zum Sellamassiv und den versteckten Juwelen der H\u00fcttenwanderwege des H\u00f6henwegs. Ob Sie nun ein erfahrener Skifahrer oder ein Neuling sind, wir haben eine Reihe von Produkten entwickelt, die f\u00fcr jeden etwas bieten.<\/p>\n\n\n\n<figure class=\"wp-block-image size-large\"><img decoding=\"async\" src=\"https:\/\/ski-touring-dolomites.com\/wp-content\/uploads\/skis-and-ski-poles-in-front-of-a-snow-landscape-1024x702.webp\" alt=\"Skiausr\u00fcstungen auf der Skipiste in den italienischen Alpen\" class=\"wp-image-695\"\/><figcaption class=\"wp-element-caption\">Konzentrieren Sie sich auf die Freude am Skifahren, wir k\u00fcmmern uns um die Details<\/figcaption><\/figure>\n\n\n\n<p>Unsere Liebe zu Italien und seinen vielf\u00e4ltigen Regionen ist der Herzschlag unseres Unternehmens. Die Dolomiten, ein <strong>UNESCO-Welterbe<\/strong> dienen als lebendige Leinwand, die mit den Farben des Abenteuers und der Ruhe gemalt ist. Diese hoch aufragenden Gipfel und \u00fcppigen T\u00e4ler sind mehr als nur eine Gebirgskette; sie sind ein Spielplatz f\u00fcr jeden, der eine Leidenschaft f\u00fcr die freie Natur hat.<\/p>\n\n\n\n<h2 class=\"wp-block-heading\">Leidenschaftlich f\u00fcr Skitourenabenteuer<\/h2>\n\n\n\n<p>Als<strong> Experten f\u00fcr Skitourengehen<\/strong> Wir sind durch und durch Outdoor-Fans und m\u00f6chten diese unglaubliche Welt mit Ihnen teilen. Wir sind der Meinung, dass der Nervenkitzel beim Skifahren im Hinterland, die Ruhe unber\u00fchrter Landschaften und die Freude an der Eroberung neuen Terrains f\u00fcr jeden zug\u00e4nglich sein sollten.<\/p>\n\n\n\n<figure class=\"wp-block-image size-large\"><img decoding=\"async\" src=\"https:\/\/ski-touring-dolomites.com\/wp-content\/uploads\/a-ski-tourer-ascending-1024x683.webp\" alt=\"Tourist in leuchtend gelbem Anzug, mit Skiern und Trekkingst\u00f6cken, geht den Berg hinauf, vor dem Hintergrund der schneebedeckten immergr\u00fcnen B\u00e4ume\" class=\"wp-image-679\"\/><figcaption class=\"wp-element-caption\">Erweitern Sie Ihre F\u00e4higkeiten inmitten ikonischer Landschaften<\/figcaption><\/figure>\n\n\n\n<p>Unser Team verk\u00f6rpert diesen Geist des Abenteuers. Es besteht aus Menschen, die sich f\u00fcr Skifahren, Bergsteigen und alles, was mit Outdoor zu tun hat, begeistern. Wir sind hier, um Ihre Reise unvergesslich zu machen. <strong>Unser oberstes Ziel<\/strong>? Wir m\u00f6chten, dass Sie die gleiche Begeisterung, das gleiche Staunen und die gleiche Sch\u00f6nheit erleben, die wir jedes Mal empfinden, wenn wir in die Wildnis gehen.<\/p>\n\n\n\n<h2 class=\"wp-block-heading\">Wie wir es schaffen<\/h2>\n\n\n\n<p>Wir verstehen, dass die Logistik der Planung eines Abenteuers entmutigend sein kann. Deshalb <strong>wir k\u00fcmmern uns um alles<\/strong> f\u00fcr Sie. Von der Buchung gem\u00fctlicher Hotels und rustikaler H\u00fctten bis hin zu einer detaillierten Urlaubsplanung - wir haben alles im Griff. Unsere IFMGA-zertifizierten Reiseleiter begleiten Sie auf Schritt und Tritt und sorgen f\u00fcr ein sicheres und bereicherndes Erlebnis. Und sollten Sie jemals Fragen oder Bedenken haben, ist unser 24\/7-Support immer f\u00fcr Sie da.<\/p>\n\n\n\n<p>Egal, ob Sie ein erfahrener Skifahrer oder ein absoluter Anf\u00e4nger sind, Ihr Traumurlaub in den Dolomiten wartet auf Sie. Tr\u00e4umen Sie nicht nur von diesen majest\u00e4tischen Bergen, sondern erleben Sie sie auf unseren <a href=\"https:\/\/ski-touring-dolomites.com\/de\/#products\/\">Skitouren in den Dolomiten<\/a>. Wir sind hier, um Ihre Bergtr\u00e4ume in Ihr n\u00e4chstes gro\u00dfes Abenteuer zu verwandeln.<\/p>\n\n\n\n<p>Sie k\u00f6nnen sich auch \u00fcber unsere Skitourenpartner in Europa informieren:<\/p>\n\n\n\n<ul class=\"wp-block-list\">\n<li><a href=\"https:\/\/chamonixskitouring.com\/\">Chamonix Skitourengehen<\/a><\/li>\n\n\n\n<li><a href=\"https:\/\/skitouringnorway.com\/\">Skitourengehen Norwegen<\/a><\/li>\n<\/ul>","protected":false},"excerpt":{"rendered":"<p>Willkommen bei Ski Touring Dolomites. Ich freue mich sehr, Ihnen eines der am schnellsten wachsenden Outdoor-Erlebnisse in Europa vorstellen zu k\u00f6nnen. Unsere Mission ist eine Mischung aus Einfachheit und Tiefe: Sie durch die atemberaubenden Landschaften der Dolomiten zu f\u00fchren, von Cortina d'Ampezzo bis zum Sella-Massiv und den versteckten Juwelen der Alta Via ... <a href=\"https:\/\/ski-touring-dolomites.com\/de\/about-us\/\">Fortsetzung<\/a><\/p>","protected":false},"author":40,"featured_media":671,"parent":0,"menu_order":0,"comment_status":"closed","ping_status":"closed","template":"","meta":{"_acf_changed":false,"footnotes":""},"class_list":["post-39","page","type-page","status-publish","has-post-thumbnail","hentry"],"acf":{"page_subheading":"At Ski Touring Dolomites, we turn your mountain dreams into reality with expertly guided tours, personalized service, and a passion for adventure."},"_links":{"self":[{"href":"https:\/\/ski-touring-dolomites.com\/de\/wp-json\/wp\/v2\/pages\/39","targetHints":{"allow":["GET"]}}],"collection":[{"href":"https:\/\/ski-touring-dolomites.com\/de\/wp-json\/wp\/v2\/pages"}],"about":[{"href":"https:\/\/ski-touring-dolomites.com\/de\/wp-json\/wp\/v2\/types\/page"}],"author":[{"embeddable":true,"href":"https:\/\/ski-touring-dolomites.com\/de\/wp-json\/wp\/v2\/users\/40"}],"replies":[{"embeddable":true,"href":"https:\/\/ski-touring-dolomites.com\/de\/wp-json\/wp\/v2\/comments?post=39"}],"version-history":[{"count":5,"href":"https:\/\/ski-touring-dolomites.com\/de\/wp-json\/wp\/v2\/pages\/39\/revisions"}],"predecessor-version":[{"id":770,"href":"https:\/\/ski-touring-dolomites.com\/de\/wp-json\/wp\/v2\/pages\/39\/revisions\/770"}],"wp:featuredmedia":[{"embeddable":true,"href":"https:\/\/ski-touring-dolomites.com\/de\/wp-json\/wp\/v2\/media\/671"}],"wp:attachment":[{"href":"https:\/\/ski-touring-dolomites.com\/de\/wp-json\/wp\/v2\/media?parent=39"}],"curies":[{"name":"wp","href":"https:\/\/api.w.org\/{rel}","templated":true}]}}