{"id":39,"date":"2023-01-16T13:14:25","date_gmt":"2023-01-16T13:14:25","guid":{"rendered":"https:\/\/ski-touring-dolomites.com\/about-us\/"},"modified":"2023-09-22T15:58:49","modified_gmt":"2023-09-22T15:58:49","slug":"chi-siamo","status":"publish","type":"page","link":"https:\/\/ski-touring-dolomites.com\/it\/about-us\/","title":{"rendered":"Chi siamo"},"content":{"rendered":"<p>Benvenuti a Ski Touring Dolomites. Non potrei essere pi\u00f9 entusiasta di presentarvi una delle esperienze outdoor in pi\u00f9 rapida crescita in Europa. La nostra missione \u00e8 una miscela di <strong>semplicit\u00e0 e profondit\u00e0<\/strong>per guidarvi attraverso gli impressionanti paesaggi delle Dolomiti, da Cortina d'Ampezzo al Massiccio del Sella, fino alle gemme nascoste dei percorsi escursionistici dell'Alta Via. Che siate sciatori esperti o alle prime armi, abbiamo creato una gamma di prodotti che offre qualcosa per tutti.<\/p>\n\n\n\n<figure class=\"wp-block-image size-large\"><img decoding=\"async\" src=\"https:\/\/ski-touring-dolomites.com\/wp-content\/uploads\/skis-and-ski-poles-in-front-of-a-snow-landscape-1024x702.webp\" alt=\"Attrezzature da sci sulla pista da sci nelle Alpi italiane\" class=\"wp-image-695\"\/><figcaption class=\"wp-element-caption\">Concentratevi sul piacere di sciare, noi ci occupiamo dei dettagli<\/figcaption><\/figure>\n\n\n\n<p>L'amore per l'Italia e le sue diverse regioni \u00e8 il cuore pulsante della nostra azienda. Le Dolomiti, un <strong>Patrimonio mondiale dell'UNESCO<\/strong> sono una tela vivida dipinta con i colori dell'avventura e della tranquillit\u00e0. Queste cime imponenti e queste valli lussureggianti sono pi\u00f9 di una semplice catena montuosa: sono un parco giochi per chiunque abbia la passione per la vita all'aria aperta.<\/p>\n\n\n\n<h2 class=\"wp-block-heading\">Appassionati di avventure scialpinistiche<\/h2>\n\n\n\n<p>Come<strong> esperti di sci alpinismo<\/strong> e appassionati di outdoor fino al midollo, ci impegniamo a condividere con voi questo mondo incredibile. Crediamo che il brivido dello sci di fondo, la serenit\u00e0 di paesaggi incontaminati e la gioia di conquistare nuovi terreni debbano essere esperienze che tutti possono vivere in sicurezza.<\/p>\n\n\n\n<figure class=\"wp-block-image size-large\"><img decoding=\"async\" src=\"https:\/\/ski-touring-dolomites.com\/wp-content\/uploads\/a-ski-tourer-ascending-1024x683.webp\" alt=\"uomo turista in abito giallo brillante con sci e bastoncini da trekking cammina su per la collina sullo sfondo di alberi sempreverdi coperti di neve\" class=\"wp-image-679\"\/><figcaption class=\"wp-element-caption\">Migliorate le vostre abilit\u00e0 in mezzo a paesaggi iconici<\/figcaption><\/figure>\n\n\n\n<p>Il nostro team incarna questo spirito di avventura. Composto da persone appassionate di sci, alpinismo e di tutto ci\u00f2 che \u00e8 outdoor, siamo qui per rendere il vostro viaggio indimenticabile. <strong>Il nostro obiettivo finale<\/strong>? Per aiutarvi a sperimentare lo stesso livello di eccitazione, meraviglia e bellezza che proviamo ogni volta che ci addentriamo nella natura selvaggia.<\/p>\n\n\n\n<h2 class=\"wp-block-heading\">Come lo realizziamo<\/h2>\n\n\n\n<p>Sappiamo che la logistica della pianificazione di un'avventura pu\u00f2 essere scoraggiante. Ecco perch\u00e9 <strong>ci occupiamo di tutto<\/strong> per voi. Dalla prenotazione di hotel accoglienti e rifugi rustici alla pianificazione dettagliata della vacanza, abbiamo tutto sotto controllo. Le nostre guide certificate IFMGA vi accompagnano in ogni momento, assicurandovi un'esperienza sicura e arricchente. E se avete domande o dubbi, il nostro supporto 24\/7 \u00e8 sempre a vostra disposizione.<\/p>\n\n\n\n<p>Che siate sciatori esperti o principianti, la vostra vacanza da sogno nelle Dolomiti vi aspetta. Non limitatevi a sognare queste maestose montagne, ma venite a viverle sul nostro <a href=\"https:\/\/ski-touring-dolomites.com\/it\/#products\/\">Tour sciistici nelle Dolomiti<\/a>. Siamo qui per trasformare i vostri sogni di montagna nella vostra prossima grande avventura.<\/p>\n\n\n\n<p>Potete anche consultare i nostri partner di scialpinismo in Europa:<\/p>\n\n\n\n<ul class=\"wp-block-list\">\n<li><a href=\"https:\/\/chamonixskitouring.com\/\">Sci alpinismo a Chamonix<\/a><\/li>\n\n\n\n<li><a href=\"https:\/\/skitouringnorway.com\/\">Scialpinismo Norvegia<\/a><\/li>\n<\/ul>","protected":false},"excerpt":{"rendered":"<p>Benvenuti a Ski Touring Dolomites. Non potrei essere pi\u00f9 entusiasta di presentarvi una delle esperienze outdoor in pi\u00f9 rapida crescita in Europa. La nostra missione \u00e8 una miscela di semplicit\u00e0 e profondit\u00e0: guidarvi attraverso gli impressionanti paesaggi delle Dolomiti, da Cortina d'Ampezzo al Massiccio del Sella e alle gemme nascoste dell'Alta Via ... <a href=\"https:\/\/ski-touring-dolomites.com\/it\/about-us\/\">Continua<\/a><\/p>","protected":false},"author":40,"featured_media":671,"parent":0,"menu_order":0,"comment_status":"closed","ping_status":"closed","template":"","meta":{"_acf_changed":false,"footnotes":""},"class_list":["post-39","page","type-page","status-publish","has-post-thumbnail","hentry"],"acf":{"page_subheading":"At Ski Touring Dolomites, we turn your mountain dreams into reality with expertly guided tours, personalized service, and a passion for adventure."},"_links":{"self":[{"href":"https:\/\/ski-touring-dolomites.com\/it\/wp-json\/wp\/v2\/pages\/39","targetHints":{"allow":["GET"]}}],"collection":[{"href":"https:\/\/ski-touring-dolomites.com\/it\/wp-json\/wp\/v2\/pages"}],"about":[{"href":"https:\/\/ski-touring-dolomites.com\/it\/wp-json\/wp\/v2\/types\/page"}],"author":[{"embeddable":true,"href":"https:\/\/ski-touring-dolomites.com\/it\/wp-json\/wp\/v2\/users\/40"}],"replies":[{"embeddable":true,"href":"https:\/\/ski-touring-dolomites.com\/it\/wp-json\/wp\/v2\/comments?post=39"}],"version-history":[{"count":5,"href":"https:\/\/ski-touring-dolomites.com\/it\/wp-json\/wp\/v2\/pages\/39\/revisions"}],"predecessor-version":[{"id":770,"href":"https:\/\/ski-touring-dolomites.com\/it\/wp-json\/wp\/v2\/pages\/39\/revisions\/770"}],"wp:featuredmedia":[{"embeddable":true,"href":"https:\/\/ski-touring-dolomites.com\/it\/wp-json\/wp\/v2\/media\/671"}],"wp:attachment":[{"href":"https:\/\/ski-touring-dolomites.com\/it\/wp-json\/wp\/v2\/media?parent=39"}],"curies":[{"name":"wp","href":"https:\/\/api.w.org\/{rel}","templated":true}]}}